{"id":3244,"date":"2026-02-24T06:01:20","date_gmt":"2026-02-24T06:01:20","guid":{"rendered":"https:\/\/pcodynamic.com\/?post_type=product&#038;p=3244"},"modified":"2026-04-02T07:51:00","modified_gmt":"2026-04-02T07:51:00","slug":"am-oss-16","status":"publish","type":"product","link":"https:\/\/pcodynamic.com\/ru\/produkt\/am-oss-16\/","title":{"rendered":"AM-OSS-16"},"content":{"rendered":"<div class=\"description-tiles\">\n<div class=\"row\">\n<div class=\"half descr\">\n<div id=\"zalety\" class=\"half-content\">\n<p><strong><b>OBRZ\u0118K LIMFATYCZNY I&nbsp;WYSI\u0118KI POURAZOWE<\/b><\/strong><\/p>\n<p>Obrz\u0119k limfatyczny to przewlek\u0142e gromadzenie p\u0142ynu limfatycznego w&nbsp;tkankach, wynikaj\u0105ce z&nbsp;zaburzonego odp\u0142ywu limfy. W&nbsp;rejonie stopy i&nbsp;kostki prowadzi do&nbsp;uczucia ci\u0119\u017cko\u015bci, napi\u0119cia sk\u00f3ry oraz&nbsp;zwi\u0119kszenia obwodu ko\u0144czyny. Regularna, w\u0142a\u015bciwie dobrana kompresja jest kluczowym elementem terapii oraz&nbsp;pomaga kontrolowa\u0107 obrz\u0119k, wspiera transport limfy i&nbsp;zapobiega jego narastaniu.<\/p>\n<p>W&nbsp;przypadku wysi\u0119k\u00f3w pourazowych (np. po&nbsp;skr\u0119ceniu czy&nbsp;naderwaniu wi\u0119zade\u0142 w&nbsp;stawie skokowym) uszkodzone naczynia krwiono\u015bne i&nbsp;limfatyczne powoduj\u0105 gromadzenie p\u0142ynu w&nbsp;tkankach mi\u0119kkich. Objawia si\u0119 to obrz\u0119kiem, b\u00f3lem i&nbsp;ograniczeniem ruchomo\u015bci. Kompresja ogranicza narastanie wysi\u0119ku, a&nbsp;nast\u0119pnie wspiera jego wch\u0142anianie, przyspieszaj\u0105c powr\u00f3t do&nbsp;pe\u0142nej sprawno\u015bci.<\/p>\n<p><strong><b>Orteza uciskowa stopy i&nbsp;kostki AM-OSS-16<\/b><\/strong> zosta\u0142a zaprojektowana w\u0142a\u015bnie po&nbsp;to, aby&nbsp;skutecznie wspiera\u0107 prac\u0119 uk\u0142adu limfatycznego i&nbsp;kr\u0105\u017cenia w&nbsp;obr\u0119bie ko\u0144czyny dolnej.<\/p>\n<\/div>\n<\/div>\n<h3 class=\"half with-image\" style=\"background-image: url('https:\/\/pcodynamic.com\/wp-content\/uploads\/2026\/02\/4T7A1016.jpg');\"><\/h3>\n<\/div>\n<div class=\"row\">\n<div class=\"half descr\">\n<div class=\"half-content\">\n<h3><strong><b>Charakterystyka produktu:<\/b><\/strong><\/h3>\n<p><strong><b>Orteza uciskowa stopy i&nbsp;kostki AM-OSS-16<\/b><\/strong>\u00a0to nowoczesne, praktyczne i&nbsp;wygodne rozwi\u0105zanie dla&nbsp;os\u00f3b potrzebuj\u0105cych solidnej terapii uciskowej stopy i&nbsp;kostki. Dzi\u0119ki regulacji, komfortowi noszenia i&nbsp;mo\u017cliwo\u015bci indywidualnego dopasowania, produkt \u0142\u0105czy skuteczno\u015b\u0107 terapeutyczn\u0105 z&nbsp;codzienn\u0105 wygod\u0105. Wspiera obieg limfy i&nbsp;\u017cylny, zapobiega zaleganiu p\u0142yn\u00f3w i&nbsp;redukuje obrz\u0119ki, co przek\u0142ada si\u0119 na&nbsp;popraw\u0119 komfortu \u017cycia i&nbsp;mobilno\u015bci pacjenta.<\/p>\n<p><strong><b>Orteza nogi AM-OSS-16<\/b><\/strong>\u00a0zosta\u0142a zaprojektowana tak, aby&nbsp;zapewnia\u0107 <strong><b>terapeutyczn\u0105, regulowan\u0105 kompresj\u0119 w&nbsp;obr\u0119bie stopy i&nbsp;kostki<\/b><\/strong>. To praktyczne rozwi\u0105zanie dla&nbsp;os\u00f3b zmagaj\u0105cych si\u0119 z&nbsp;obrz\u0119kami limfatycznymi, zaburzeniami kr\u0105\u017cenia lub&nbsp;wysi\u0119kami po&nbsp;urazach stawu skokowego.<\/p>\n<p>Dzi\u0119ki lekkiej i&nbsp;elastycznej konstrukcji orteza idealnie dopasowuje si\u0119 do&nbsp;kszta\u0142tu stopy, a&nbsp;regulowane zapi\u0119cia umo\u017cliwiaj\u0105 kontrolowanie poziomu ucisku w&nbsp;zale\u017cno\u015bci od potrzeb. Mo\u017cliwo\u015b\u0107 precyzyjnego dopasowania czyni j\u0105 wygodn\u0105 alternatyw\u0105 dla&nbsp;tradycyjnych banda\u017cy kompresyjnych, pozwalaj\u0105c na&nbsp;szybkie i&nbsp;samodzielne za\u0142o\u017cenie banda\u017cy kompresyjnych, pozwalaj\u0105c na&nbsp;szybkie i&nbsp;samodzielne za\u0142o\u017cenie.<\/p>\n<p><a data-rel='lightbox' href='https:\/\/www.reh4mat.com\/uploads\/2021\/04\/UNI-PREN-1190x630.png'><img src='https:\/\/www.reh4mat.com\/uploads\/2021\/04\/UNI-PREN-1190x630.png' alt='' title='' class='aligncenter size-large' width='1024' height='542'><\/a><\/p>\n<p>Unikalny surowiec <strong><em><b><i>UniPren<\/i><\/b><\/em><\/strong><strong><em><b><i>\u2122<\/i><\/b><\/em><\/strong>\u00a0powsta\u0142 na&nbsp;bazie wieloletnich bada\u0144 i&nbsp;do\u015bwiadcze\u0144. Jego elastyczno\u015b\u0107, w&nbsp;po\u0142\u0105czeniu z&nbsp;odpowiednim poziomem sztywno\u015bci \u00a0dzia\u0142a jak <strong><b>naturalna kompresja<\/b><\/strong>, zapobiegaj\u0105c nadmiernemu poszerzaniu naczy\u0144 krwiono\u015bnych i&nbsp;limfatycznych w&nbsp;ko\u0144czynach. Lekka konstrukcja surowca minimalizuje uczucie ucisku, a&nbsp;jednocze\u015bnie efektywnie wspiera przep\u0142yw limfy i&nbsp;krwi, co jest kluczowe w&nbsp;terapii obrz\u0119k\u00f3w.<\/p>\n<p><strong><b>Opaska na&nbsp;nog\u0119 AM-OSS-16<\/b><\/strong>\u00a0wywiera sta\u0142y, umiarkowany ucisk kompresyjny na&nbsp;tkanki, zapobiegaj\u0105c gromadzeniu p\u0142yn\u00f3w w&nbsp;obwodowych partiach ko\u0144czyn dolnych. Skutecznie poprawia kr\u0105\u017cenie limfatyczne i&nbsp;\u017cylne, redukuje obrz\u0119ki i&nbsp;zastoiny p\u0142yn\u00f3w, wspomaga procesy regeneracyjne po&nbsp;urazach oraz&nbsp;zmniejsza uczucie ci\u0119\u017cko\u015bci i&nbsp;napi\u0119cia tkanek.<\/p>\n<p>Uniwersalny kr\u00f3j sprawia, \u017ce&nbsp;produkt mo\u017cna stosowa\u0107 zar\u00f3wno na&nbsp;stop\u0119 lew\u0105, jak i&nbsp;praw\u0105, a&nbsp;oddychaj\u0105ce materia\u0142y zapewniaj\u0105 komfort u\u017cytkowania przez&nbsp;ca\u0142y dzie\u0144.<\/p>\n<\/div>\n<\/div>\n<div class=\"half with-image\" style=\"background-image: url('https:\/\/pcodynamic.com\/wp-content\/uploads\/2026\/02\/4T7A1007.jpg');\"><\/div>\n<\/div>\n<div class=\"row\">\n<div class=\"half descr\">\n<div class=\"half-content\">\n<p>Orteza jest bardzo prosta i&nbsp;intuicyjna w&nbsp;u\u017cyciu. Wystarczy owin\u0105\u0107 j\u0105 wok\u00f3\u0142 stopy i&nbsp;kostki wymagaj\u0105cych kompresji. Umo\u017cliwia dostosowanie si\u0142y ucisku poprzez regulowane zapi\u0119cia, tak aby&nbsp;kompresja by\u0142a odczuwalna, ale&nbsp;komfortowa. W&nbsp;zale\u017cno\u015bci od dynamiki obrz\u0119ku opask\u0119 mo\u017cna regulowa\u0107 w&nbsp;ci\u0105gu dnia. Zaleca si\u0119 stosowanie jej jako elementu terapii kompresyjnej zaleconej przez&nbsp;specjalist\u0119.<\/p>\n<h3><strong><b>Przeznaczenie:<\/b><\/strong><\/h3>\n<ul>\n<li>obrz\u0119k limfatyczny stopy i&nbsp;kostki<\/li>\n<li>przewlek\u0142a niewydolno\u015b\u0107 \u017cylna<\/li>\n<li>\u017cylaki i&nbsp;zastoje \u017cylne<\/li>\n<li>obrz\u0119ki pourazowe (skr\u0119cenia, st\u0142uczenia, naci\u0105gni\u0119cia wi\u0119zade\u0142 w&nbsp;obr\u0119bie stopy i&nbsp;stawu skokowego)<\/li>\n<li>stany po&nbsp;zabiegach chirurgicznych, naczyniowych i&nbsp;ortopedycznych<\/li>\n<li>profilaktyka obrz\u0119k\u00f3w u&nbsp;os\u00f3b stoj\u0105cych lub&nbsp;aktywnych zawodowo<\/li>\n<\/ul>\n<\/div>\n<\/div>\n<div class=\"half with-image\" style=\"background-image: url('https:\/\/pcodynamic.com\/wp-content\/uploads\/2026\/02\/4T7A1005.jpg');\"><\/div>\n<\/div>\n<div class=\"row\">\n<div class=\"half descr\">\n<div class=\"half-content\">\n<h3>Do&nbsp;pobrania<\/h3>\n<ul class=\"pdf\">\n<li><a href=\"https:\/\/reh4mat.com\/deklaracje\/pl\/57.pdf\">Deklaracja zgodno\u015bci <\/a><\/li>\n<li><a href=\"https:\/\/reh4mat.com\/instrukcje\/31.pdf\">Instrukcja u\u017cytkowania\u00a0<\/a><\/li>\n<li><a href=\"https:\/\/reh4mat.com\/instrukcje\/inne\/31.pdf\">Instrukcja u\u017cytkowania (inne j\u0119zyki)<\/a><\/li>\n<li><a href=\"https:\/\/www.reh4mat.com\/uploads\/2026\/02\/AM-OSS-16-2025.pdf\"> Spos\u00f3b zak\u0142adania <\/a><\/li>\n<\/ul>\n<p>&nbsp;<\/p>\n<\/div>\n<\/div>\n<div class=\"half with-image\" style=\"background-image: url('https:\/\/pcodynamic.com\/wp-content\/uploads\/2026\/02\/4T7A1023.jpg');\"><\/div>\n<\/div>\n<div class=\"row\">\n<div class=\"half descr\">\n<div class=\"half-content\">\n<h3>Rozmiary<\/h3>\n<table style=\"width: 61.7515%; height: 235px;\" border=\"0\" cellspacing=\"0\">\n<thead>\n<tr style=\"height: 48px;\">\n<td style=\"text-align: center; height: 48px; width: 18.3562%;\"><strong>Rozmiar<\/strong><\/td>\n<td style=\"text-align: center; width: 17.5853%;\">\n<p class=\"Zawartotabeli\" style=\"text-align: center; layout-grid-mode: char;\" align=\"center\"><strong><span style=\"font-size: 12.0pt; font-family: 'Arial',sans-serif;\">Obw\u00f3d \u015br\u00f3dstopia<\/span><\/strong><\/p>\n<\/td>\n<td style=\"text-align: center; height: 48px; width: 26.7828%;\"><strong>Spos\u00f3b dokonywania pomiaru<\/strong><\/td>\n<\/tr>\n<\/thead>\n<colgroup width=\"135\"><\/colgroup>\n<colgroup width=\"238\"><\/colgroup>\n<colgroup width=\"362\"><\/colgroup>\n<tbody>\n<tr style=\"height: 33px;\">\n<td style=\"height: 33px; text-align: center; width: 18.3562%;\">M<\/td>\n<td style=\"text-align: center; width: 17.5853%;\">19 &#8212; 26\u00a0 cm<\/td>\n<td style=\"height: 187px; width: 26.7828%;\" rowspan=\"2\"><img loading=\"lazy\" class=\" wp-image-3285 aligncenter\" title=\"\" src=\"https:\/\/pcodynamic.com\/wp-content\/uploads\/2026\/02\/noga-300x300.png\" alt=\"\" width=\"224\" height=\"224\" srcset=\"https:\/\/pcodynamic.com\/wp-content\/uploads\/2026\/02\/noga-300x300.png 300w, https:\/\/pcodynamic.com\/wp-content\/uploads\/2026\/02\/noga-1024x1024.png 1024w, https:\/\/pcodynamic.com\/wp-content\/uploads\/2026\/02\/noga-150x150.png 150w, https:\/\/pcodynamic.com\/wp-content\/uploads\/2026\/02\/noga-768x768.png 768w, https:\/\/pcodynamic.com\/wp-content\/uploads\/2026\/02\/noga-200x200.png 200w, https:\/\/pcodynamic.com\/wp-content\/uploads\/2026\/02\/noga-48x48.png 48w, https:\/\/pcodynamic.com\/wp-content\/uploads\/2026\/02\/noga-250x250.png 250w, https:\/\/pcodynamic.com\/wp-content\/uploads\/2026\/02\/noga-550x550.png 550w, https:\/\/pcodynamic.com\/wp-content\/uploads\/2026\/02\/noga-800x800.png 800w, https:\/\/pcodynamic.com\/wp-content\/uploads\/2026\/02\/noga-180x180.png 180w, https:\/\/pcodynamic.com\/wp-content\/uploads\/2026\/02\/noga-500x500.png 500w, https:\/\/pcodynamic.com\/wp-content\/uploads\/2026\/02\/noga-600x600.png 600w, https:\/\/pcodynamic.com\/wp-content\/uploads\/2026\/02\/noga-100x100.png 100w, https:\/\/pcodynamic.com\/wp-content\/uploads\/2026\/02\/noga.png 1042w\" sizes=\"(max-width: 224px) 100vw, 224px\" \/><\/td>\n<\/tr>\n<tr style=\"height: 33px;\">\n<td style=\"height: 33px; text-align: center; width: 18.3562%;\">L<\/td>\n<td style=\"text-align: center; width: 17.5853%;\">26 \u2013 32 cm<\/td>\n<\/tr>\n<\/tbody>\n<\/table>\n<p><strong>Wyst\u0119puje jako prawy \/ lewy. \u00a0\u00a0\u00a0\u00a0\u00a0\u00a0\u00a0\u00a0 <\/strong><\/p>\n<\/div>\n<\/div>\n<div class=\"half with-image\" style=\"background-image: url('https:\/\/pcodynamic.com\/wp-content\/uploads\/2026\/02\/4T7A1003.jpg');\"><\/div>\n<\/div>\n<\/div>\n<div class=\"notranslate\" style=\"all: initial;\"><\/div>\n","protected":false},"excerpt":{"rendered":"<p>OBRZ\u0118K LIMFATYCZNY I&nbsp;WYSI\u0118KI POURAZOWE Obrz\u0119k limfatyczny to przewlek\u0142e gromadzenie p\u0142ynu limfatycznego w&nbsp;tkankach, wynikaj\u0105ce z&nbsp;zaburzonego odp\u0142ywu limfy. W&nbsp;rejonie stopy i&nbsp;kostki prowadzi do&nbsp;uczucia ci\u0119\u017cko\u015bci, napi\u0119cia sk\u00f3ry oraz&nbsp;zwi\u0119kszenia obwodu ko\u0144czyny. Regularna, w\u0142a\u015bciwie dobrana kompresja jest kluczowym elementem terapii oraz&nbsp;pomaga kontrolowa\u0107 obrz\u0119k, wspiera transport limfy i&nbsp;zapobiega jego narastaniu. W&nbsp;przypadku wysi\u0119k\u00f3w pourazowych (np. po&nbsp;skr\u0119ceniu czy&nbsp;naderwaniu wi\u0119zade\u0142 w&nbsp;stawie skokowym) uszkodzone naczynia [&hellip;]<\/p>\n","protected":false},"featured_media":3274,"comment_status":"open","ping_status":"closed","template":"","meta":[],"_links":{"self":[{"href":"https:\/\/pcodynamic.com\/ru\/wp-json\/wp\/v2\/product\/3244\/"}],"collection":[{"href":"https:\/\/pcodynamic.com\/ru\/wp-json\/wp\/v2\/product\/"}],"about":[{"href":"https:\/\/pcodynamic.com\/ru\/wp-json\/wp\/v2\/types\/product\/"}],"replies":[{"embeddable":true,"href":"https:\/\/pcodynamic.com\/ru\/wp-json\/wp\/v2\/comments\/?post=3244"}],"version-history":[{"count":15,"href":"https:\/\/pcodynamic.com\/ru\/wp-json\/wp\/v2\/product\/3244\/revisions\/"}],"predecessor-version":[{"id":3290,"href":"https:\/\/pcodynamic.com\/ru\/wp-json\/wp\/v2\/product\/3244\/revisions\/3290\/"}],"wp:featuredmedia":[{"embeddable":true,"href":"https:\/\/pcodynamic.com\/ru\/wp-json\/wp\/v2\/media\/3274\/"}],"wp:attachment":[{"href":"https:\/\/pcodynamic.com\/ru\/wp-json\/wp\/v2\/media\/?parent=3244"}],"curies":[{"name":"wp","href":"https:\/\/api.w.org\/{rel}","templated":true}]}}