{"id":3190,"date":"2026-01-30T11:10:45","date_gmt":"2026-01-30T11:10:45","guid":{"rendered":"https:\/\/pcodynamic.com\/?post_type=product&#038;p=3190"},"modified":"2026-04-02T07:51:09","modified_gmt":"2026-04-02T07:51:09","slug":"as-u-04","status":"publish","type":"product","link":"https:\/\/pcodynamic.com\/ru\/produkt\/as-u-04\/","title":{"rendered":"AS-U-04"},"content":{"rendered":"<div class=\"description-tiles\">\n<div class=\"row\">\n<div class=\"half descr\">\n<div id=\"zalety\" class=\"half-content\">\n<p><strong>OBRZ\u0118K LIMFATYCZNY KO\u0143CZYN DOLNYCH<\/strong><\/p>\n<p>Obrz\u0119k limfatyczny ko\u0144czyn dolnych to przewlek\u0142y stan, w&nbsp;kt\u00f3rym dochodzi do&nbsp;nagromadzenia ch\u0142onki (limfy) w&nbsp;tkankach, najcz\u0119\u015bciej w&nbsp;obr\u0119bie st\u00f3p, podudzi lub&nbsp;ud. Powstaje na&nbsp;skutek zaburzenia odp\u0142ywu limfy, czyli&nbsp;p\u0142ynu odpowiedzialnego za&nbsp;usuwanie nadmiaru wody, toksyn i&nbsp;produkt\u00f3w przemiany materii z&nbsp;organizmu. Objawia si\u0119 przede wszystkim uczuciem ci\u0119\u017cko\u015bci n\u00f3g, obrzmieniem, napi\u0119ciem sk\u00f3ry, a&nbsp;w bardziej zaawansowanych przypadkach tak\u017ce b\u00f3lem, ograniczeniem ruchomo\u015bci oraz&nbsp;zgrubieniem i&nbsp;stwardnieniem tkanek. Nieleczony obrz\u0119k limfatyczny mo\u017ce prowadzi\u0107 do&nbsp;cz\u0119stszych infekcji sk\u00f3ry oraz&nbsp;pogorszenia jako\u015bci \u017cycia.<\/p>\n<p>Jednym z&nbsp;kluczowych element\u00f3w terapii jest leczenie uciskowe, kt\u00f3re pomaga zmniejszy\u0107 obrz\u0119k i&nbsp;wspiera prawid\u0142owe kr\u0105\u017cenie limfy. W&nbsp;tym celu rekomenduje si\u0119 stosowanie <strong><b>specjalistycznych ortez kompresyjnych ko\u0144czyn dolnych typu AS-U-04<\/b><\/strong>.<\/p>\n<p><strong>AeroSpace\u2122<\/strong> \u044d\u0442\u043e \u0438\u043d\u043d\u043e\u0432\u0430\u0446\u0438\u043e\u043d\u043d\u044b\u0439 \u043c\u0430\u0442\u0435\u0440\u0438\u0430\u043b \u043d\u043e\u0432\u043e\u0433\u043e \u043f\u043e\u043a\u043e\u043b\u0435\u043d\u0438\u044f. \u041f\u0440\u0435\u0434\u0441\u0442\u0430\u0432\u043b\u044f\u0435\u0442 \u0441\u043e\u0431\u043e\u0439 \u043f\u0440\u043e\u0441\u0442\u0440\u0430\u043d\u043d\u044b\u0439 \u0438 \u044d\u043b\u0430\u0441\u0442\u0438\u0447\u043d\u044b\u0439 3D \u043c\u0430\u0442\u0435\u0440\u0438\u0430\u043b, \u0441\u043e\u0441\u0442\u043e\u044f\u0449\u0438\u0439 \u0438\u0437 \u0434\u0432\u0443\u0445 \u0432\u043d\u0435\u0448\u043d\u0438\u0445 \u0441\u043b\u043e\u0435\u0432 \u0438 \u043f\u043b\u0435\u0442\u0435\u043d\u043d\u043e\u0439 \u0432\u043d\u0443\u0442\u0440\u0435\u043d\u043d\u0435\u0439 \u0447\u0430\u0441\u0442\u0438 \u0441\u043e\u0437\u0434\u0430\u044e\u0449\u0435\u0439 \u043d\u0443\u0436\u043d\u0443\u044e \u0442\u043e\u043b\u0449\u0438\u043d\u0443 \u0438 \u0440\u0430\u0437\u0433\u0440\u0443\u0436\u0430\u044e\u0449\u0438\u0435 \u0441\u0432\u043e\u0439\u0441\u0442\u0432\u0430. \u0418\u0441\u043f\u043e\u043b\u044c\u0437\u0443\u0435\u0442\u0441\u044f \u043f\u043e\u043b\u0438\u044d\u0441\u0442\u0440 \u043e\u0431\u0435\u0441\u043f\u0435\u0447\u0438\u0432\u0430\u044e\u0449\u0438\u0439 \u043c\u0435\u0445\u0430\u043d\u0438\u0447\u0435\u0441\u043a\u0443\u044e \u043f\u0440\u043e\u0447\u043d\u043e\u0441\u0442\u044c \u0438 \u0441\u043f\u0430\u043d\u0434\u0435\u043a\u0441 \u043e\u0431\u0435\u0441\u043f\u0435\u0447\u0438\u0432\u0430\u044e\u0449\u0438\u0439 \u044d\u043b\u0430\u0441\u0442\u0438\u0447\u043d\u043e\u0441\u0442\u044c. \u042d\u0442\u043e \u043e\u0447\u0435\u043d\u044c \u043b\u0435\u0433\u043a\u0438\u0439, \u0432\u044b\u0441\u043e\u043a\u043e \u044d\u043b\u0430\u0441\u0442\u0438\u0447\u043d\u044b\u0439 \u0438 \u0430\u0436\u0443\u0440\u043d\u044b\u0439 \u043c\u0430\u0442\u0435\u0440\u0438\u0430\u043b, \u0431\u043b\u0430\u0433\u043e\u0434\u0430\u0440\u044f \u0447\u0435\u043c\u0443 \u0445\u043e\u0440\u043e\u0448\u043e \u043e\u0442\u0432\u043e\u0434\u0438\u0442 \u043f\u043e\u0442 \u0438 \u0441\u043f\u043e\u0441\u043e\u0431\u0441\u0442\u0432\u0443\u0435\u0442 \u0432\u0435\u043d\u0442\u0438\u043b\u044f\u0446\u0438\u0438. \u0418\u0437\u0434\u0435\u043b\u0438\u044f \u0438\u0437 \u044d\u0442\u043e\u0433\u043e \u043c\u0430\u0442\u0435\u0440\u0438\u0430\u043b\u0430 \u043d\u0435\u0439\u0442\u0440\u0430\u043b\u044c\u043d\u044b \u043a \u0441\u0443\u0441\u0442\u0430\u0432\u0443, \u043d\u0435 \u0433\u0440\u0435\u044e\u0442 \u0438 \u043d\u0435 \u043e\u0445\u043b\u0430\u0436\u0434\u0430\u044e\u0442 \u0435\u0433\u043e, \u043d\u043e \u043f\u043e\u0434\u0434\u0435\u0440\u0436\u0438\u0432\u0430\u044e\u0442 \u043d\u0443\u0436\u043d\u0443\u044e \u043a\u043e\u043c\u043f\u0440\u0435\u0441\u0441\u0438\u044e \u0438 \u043f\u0440\u0438\u043b\u0435\u0433\u0430\u043d\u0438\u0435 \u0438 \u0443\u043c\u0435\u043d\u044c\u0448\u0430\u044e\u0442 \u0434\u0440\u043e\u0436\u044c \u043c\u044b\u0448\u0446 \u0432\u043e \u0432\u0440\u0435\u043c\u044f \u0444\u0438\u0437\u0438\u0447\u0435\u0441\u043a\u0438\u0445 \u043d\u0430\u0433\u0440\u0443\u0437\u043e\u043a. \u0415\u0433\u043e \u0442\u043e\u043b\u0449\u0438\u043d\u0430 \u0438 3D \u0441\u0442\u0440\u0443\u043a\u0442\u0443\u0440\u0430 \u0437\u0430\u0449\u0438\u0449\u0430\u044e\u0442 \u043e\u0442 \u0432\u043e\u0437\u0434\u0435\u0439\u0441\u0442\u0432\u0438\u044f \u0443\u0441\u0442\u0430\u043d\u043e\u0432\u043b\u0435\u043d\u043d\u044b\u0445 \u043d\u0430 \u0438\u0437\u0434\u0435\u043b\u0438\u0438 \u043e\u0440\u0442\u043e\u043f\u0435\u0434\u0438\u0447\u0435\u0441\u043a\u0438\u0445 \u0448\u0438\u043d, \u0444\u0438\u0448\u0431\u0438\u043d \u0438\u043b\u0438 \u0434\u0440\u0443\u0433\u0438\u0445 \u0436\u0435\u0441\u0442\u043a\u0438\u0445 \u044d\u043b\u0435\u043c\u0435\u043d\u0442\u043e\u0432 \u0438 \u0433\u0430\u0440\u0430\u043d\u0442\u0438\u0440\u0443\u044e\u0442 \u043c\u044f\u0433\u043a\u043e\u0441\u0442\u044c \u043d\u0430 \u043e\u0449\u0443\u043f\u044c.<\/p>\n<p><a data-rel='lightbox' href='https:\/\/www.reh4mat.com\/uploads\/2021\/04\/AERO-SPACE-I-1190x630.png'><img src='https:\/\/www.reh4mat.com\/uploads\/2021\/04\/AERO-SPACE-I-1190x630.png' alt='' title='' class='aligncenter size-large' width='1024' height='542'><\/a><\/p>\n<\/div>\n<\/div>\n<div class=\"half with-image\" style=\"background-image: url('https:\/\/pcodynamic.com\/wp-content\/uploads\/2026\/02\/4T7A1088.jpg');\"><\/div>\n<\/div>\n<div class=\"row\">\n<div class=\"half descr\">\n<div class=\"half-content\">\n<p><strong><b>Charakterystyka produktu:<\/b><\/strong><\/p>\n<p><strong><b>Orteza uciskowa AS-U-04<\/b><\/strong> to innowacyjna regulowana orteza kompresyjna na&nbsp;udo i&nbsp;kolano, stworzona z&nbsp;my\u015bl\u0105 o&nbsp;skutecznym wsparciu terapii obrz\u0119k\u00f3w, limfatycznych i&nbsp;\u017cylnych oraz&nbsp;przyspieszeniu regeneracji po&nbsp;urazach. Produkt \u0142\u0105czy w&nbsp;sobie komfort noszenia, \u0142atwo\u015b\u0107 aplikacji i&nbsp;medyczn\u0105 skuteczno\u015b\u0107, stanowi\u0105c narz\u0119dzie do&nbsp;codziennej samodzielnej terapii.<\/p>\n<p>Wykonana z&nbsp;innowacyjnego, oddychaj\u0105cego surowca <strong><em><b><i>UniPren\u2122<\/i><\/b><\/em><\/strong> zapewnia szeroki zakres regulacji kompresji. Materia\u0142 charakteryzuje si\u0119 nisk\u0105 rozci\u0105gliwo\u015bci\u0105, a&nbsp;system pask\u00f3w z&nbsp;rzepem pozwala na&nbsp;\u0142atwe dopasowanie stopnia ucisku do&nbsp;indywidualnej anatomii i&nbsp;zmieniaj\u0105cych si\u0119 dynamicznie obwod\u00f3w ko\u0144czyny.<\/p>\n<p>&nbsp;<\/p>\n<p>Anatomicznie skrojona konstrukcja idealnie dopasowuje si\u0119 do&nbsp;kszta\u0142tu uda i&nbsp;kolana, zapewniaj\u0105c sta\u0142y, r\u00f3wnomierny ucisk, a&nbsp;dzi\u0119ki specjalnemu profilu opaska nie przesuwa si\u0119 i&nbsp;nie zwija, nawet podczas ruchu.<\/p>\n<p>Wyr\u00f3b dedykowany jest osobom z&nbsp;obrz\u0119kiem limfatycznym i&nbsp;\u017cylnym ko\u0144czyn dolnych, problemami z&nbsp;kr\u0105\u017ceniem, opuchlizn\u0105 po&nbsp;zabiegach ortopedycznych oraz&nbsp;u wszystkich, u&nbsp;kt\u00f3rych wyst\u0119puje konieczno\u015b\u0107 terapii uciskowej.<\/p>\n<\/div>\n<\/div>\n<div class=\"half with-image\" style=\"background-image: url('https:\/\/pcodynamic.com\/wp-content\/uploads\/2026\/02\/4T7A1098.jpg');\"><\/div>\n<\/div>\n<div class=\"row\">\n<div class=\"half descr\">\n<div><\/div>\n<div class=\"half-content\">Orteza kolana i&nbsp;uda AS-U-04 to po\u0142\u0105czenie profesjonalnej terapii uciskowej z&nbsp;praktycznym designem, kt\u00f3ry u\u0142atwia regularne stosowanie terapii kompresyjnej bez konieczno\u015bci skomplikowanego banda\u017cowania. Opaska redukuje obrz\u0119ki, pomaga w&nbsp;ich kontroli oraz&nbsp;wspomaga terapi\u0119 chor\u00f3b \u017cylnych i&nbsp;limfatycznych.<\/div>\n<div class=\"half-content\">\n<p>Zapewnia kontrolowan\u0105 kompresj\u0119, kt\u00f3ra wspomaga powr\u00f3t \u017cylny, redukuje obrz\u0119ki limfatyczne, odci\u0105\u017ca staw kolanowy i&nbsp;udowy oraz&nbsp;poprawia komfort w&nbsp;codziennych aktywno\u015bciach.<\/p>\n<p><strong><b>Przeznaczenie:<\/b><\/strong><\/p>\n<ul>\n<li>obrz\u0119k limfatyczny ko\u0144czyny dolnej (lymphoedema),<\/li>\n<li>obrz\u0119k pourazowy i&nbsp;pooperacyjny,<\/li>\n<li>niewydolno\u015b\u0107 uk\u0142adu limfatycznego,<\/li>\n<li>przewlek\u0142a niewydolno\u015b\u0107 \u017cylna ko\u0144czyn dolnych,<\/li>\n<li>obrz\u0119k \u017cylny i&nbsp;ci\u0119\u017cko\u015b\u0107 n\u00f3g.<\/li>\n<\/ul>\n<\/div>\n<\/div>\n<div class=\"half with-image\" style=\"background-image: url('https:\/\/pcodynamic.com\/wp-content\/uploads\/2026\/02\/4T7A1120.jpg');\"><\/div>\n<\/div>\n<div class=\"row\">\n<div class=\"half descr\">\n<div class=\"half-content\">\n<h3>Do&nbsp;pobrania<\/h3>\n<ul class=\"pdf\">\n<li><a href=\"https:\/\/reh4mat.com\/deklaracje\/pl\/52.pdf\">Deklaracja zgodno\u015bci (nazwa deklaracji)<\/a><\/li>\n<li><a href=\"https:\/\/reh4mat.com\/instrukcje\/9.pdf\">Instrukcja u\u017cytkowania (nazwa instrukcji)<\/a><\/li>\n<li><a href=\"https:\/\/reh4mat.com\/instrukcje\/inne\/9.pdf\">Instrukcja u\u017cytkowania (inne j\u0119zyki)<\/a><\/li>\n<li><a href=\"https:\/\/www.reh4mat.com\/uploads\/2026\/03\/AS-U-04-2025.pdf\"> Spos\u00f3b zak\u0142adania <\/a><\/li>\n<\/ul>\n<p>&nbsp;<\/p>\n<\/div>\n<\/div>\n<div class=\"half with-image\" style=\"background-image: url('https:\/\/pcodynamic.com\/wp-content\/uploads\/2026\/02\/4T7A1119.jpg');\"><\/div>\n<\/div>\n<div class=\"row\">\n<div class=\"half descr\">\n<div class=\"half-content\">\n<h3>Rozmiary<\/h3>\n<table style=\"width: 100%; height: auto;\" border=\"0\" cellspacing=\"0\">\n<thead>\n<tr style=\"height: 48px;\">\n<td style=\"text-align: center; height: 48px; width: 10%;\">Rozmiar<\/td>\n<td style=\"text-align: center; height: 48px; width: 20%;\">Obw\u00f3d uda 5 cm poni\u017cej pachwiny (A)<\/td>\n<td style=\"text-align: center; width: 20%;\">Obw\u00f3d kolana (B)<\/td>\n<td style=\"text-align: center; width: 20%;\">Odleg\u0142o\u015b\u0107 od pachwiny do&nbsp;zgi\u0119cia pod&nbsp;kolanem (C)<\/td>\n<td style=\"text-align: center; height: 48px; width: 30%;\">Spos\u00f3b dokonywania pomiaru<\/td>\n<\/tr>\n<\/thead>\n<colgroup width=\"100\"><\/colgroup>\n<colgroup width=\"200\"><\/colgroup>\n<colgroup width=\"200\"><\/colgroup>\n<colgroup width=\"200\"><\/colgroup>\n<tbody>\n<tr style=\"height: 33px;\">\n<td style=\"height: 33px; text-align: center;\">S<\/td>\n<td style=\"height: 33px; text-align: center;\">45 &#8212; 55 cm<\/td>\n<td style=\"text-align: center;\">28 &#8212; 43 cm<\/td>\n<td style=\"text-align: center;\">&lt; 25 cm<\/td>\n<td style=\"height: 187px;\" rowspan=\"5\"><img loading=\"lazy\" class=\" wp-image-3476 aligncenter\" src=\"https:\/\/pcodynamic.com\/wp-content\/uploads\/2026\/01\/232-269x300.jpg\" alt=\"\" width=\"174\" height=\"194\" srcset=\"https:\/\/pcodynamic.com\/wp-content\/uploads\/2026\/01\/232-269x300.jpg 269w, https:\/\/pcodynamic.com\/wp-content\/uploads\/2026\/01\/232-250x279.jpg 250w, https:\/\/pcodynamic.com\/wp-content\/uploads\/2026\/01\/232-550x614.jpg 550w, https:\/\/pcodynamic.com\/wp-content\/uploads\/2026\/01\/232-161x180.jpg 161w, https:\/\/pcodynamic.com\/wp-content\/uploads\/2026\/01\/232-448x500.jpg 448w, https:\/\/pcodynamic.com\/wp-content\/uploads\/2026\/01\/232.jpg 560w\" sizes=\"(max-width: 174px) 100vw, 174px\" \/><\/td>\n<\/tr>\n<tr style=\"height: 33px;\">\n<td style=\"height: 33px; text-align: center;\">M<\/td>\n<td style=\"height: 33px; text-align: center;\">55 &#8212; 70 cm<\/td>\n<td style=\"text-align: center;\">36 &#8212; 52 cm<\/td>\n<td style=\"text-align: center;\">&lt; 25 cm<\/td>\n<\/tr>\n<tr style=\"height: 33px;\">\n<td style=\"height: 33px; text-align: center;\">L<\/td>\n<td style=\"height: 33px; text-align: center;\">70 &#8212; 90 cm<\/td>\n<td style=\"text-align: center;\">50 &#8212; 70 cm<\/td>\n<td style=\"text-align: center;\">&lt; 25 cm<\/td>\n<\/tr>\n<tr style=\"height: 33px;\">\n<td style=\"height: 33px; text-align: center;\">S\/Xsize<\/td>\n<td style=\"height: 33px; text-align: center;\">45 &#8212; 55 cm<\/td>\n<td style=\"text-align: center;\">28 &#8212; 43 cm<\/td>\n<td style=\"text-align: center;\">&gt; 25 cm<\/td>\n<\/tr>\n<tr style=\"height: 33px;\">\n<td style=\"height: 33px; text-align: center;\">M\/Xsize<\/td>\n<td style=\"height: 33px; text-align: center;\">55 &#8212; 70 cm<\/td>\n<td style=\"text-align: center;\">36 &#8212; 52 cm<\/td>\n<td style=\"text-align: center;\">&gt; 25 cm<\/td>\n<\/tr>\n<\/tbody>\n<\/table>\n<p><strong>Wyr\u00f3b uniwersalny na&nbsp;praw\u0105 i&nbsp;lew\u0105 nog\u0119.<\/strong><\/p>\n<p><strong>Ca\u0142kowita wysoko\u015b\u0107 ortezy:<\/strong><\/p>\n<p><strong>S-L: 20 cm<\/strong><\/p>\n<p><strong>S-L\/Xsize: 25 cm<\/strong><\/p>\n<\/div>\n<\/div>\n<div class=\"half with-image\" style=\"background-image: url('https:\/\/pcodynamic.com\/wp-content\/uploads\/2026\/02\/4T7A1084.jpg');\"><\/div>\n<\/div>\n<\/div>\n<div class=\"notranslate\" style=\"all: initial;\"><\/div>\n","protected":false},"excerpt":{"rendered":"<p><strong>Kompresyjna orteza uda<\/strong><\/p>\n<p>Urazy uda cz\u0119sto obejmuj\u0105 naci\u0105gni\u0119cia mi\u0119\u015bni, st\u0142uczenia (siniaki), a w ci\u0119\u017cszych przypadkach zerwania \u015bci\u0119gien. Kontuzje te cz\u0119sto wyst\u0119puj\u0105 z powodu nadmiernego rozci\u0105gni\u0119cia, bezpo\u015bredniego uderzenia lub powtarzaj\u0105cych si\u0119 ruch\u00f3w przeci\u0105\u017caj\u0105cych podczas uprawiania sportu lub aktywno\u015bci fizycznej. Objawy mog\u0105 obejmowa\u0107 b\u00f3l, obrz\u0119k, zasinienie i trudno\u015bci z poruszaniem si\u0119.<\/p>\n","protected":false},"featured_media":3504,"comment_status":"open","ping_status":"closed","template":"","meta":[],"_links":{"self":[{"href":"https:\/\/pcodynamic.com\/ru\/wp-json\/wp\/v2\/product\/3190\/"}],"collection":[{"href":"https:\/\/pcodynamic.com\/ru\/wp-json\/wp\/v2\/product\/"}],"about":[{"href":"https:\/\/pcodynamic.com\/ru\/wp-json\/wp\/v2\/types\/product\/"}],"replies":[{"embeddable":true,"href":"https:\/\/pcodynamic.com\/ru\/wp-json\/wp\/v2\/comments\/?post=3190"}],"version-history":[{"count":7,"href":"https:\/\/pcodynamic.com\/ru\/wp-json\/wp\/v2\/product\/3190\/revisions\/"}],"predecessor-version":[{"id":3530,"href":"https:\/\/pcodynamic.com\/ru\/wp-json\/wp\/v2\/product\/3190\/revisions\/3530\/"}],"wp:featuredmedia":[{"embeddable":true,"href":"https:\/\/pcodynamic.com\/ru\/wp-json\/wp\/v2\/media\/3504\/"}],"wp:attachment":[{"href":"https:\/\/pcodynamic.com\/ru\/wp-json\/wp\/v2\/media\/?parent=3190"}],"curies":[{"name":"wp","href":"https:\/\/api.w.org\/{rel}","templated":true}]}}