{"id":3104,"date":"2026-01-21T11:15:28","date_gmt":"2026-01-21T11:15:28","guid":{"rendered":"https:\/\/pcodynamic.com\/?post_type=product&#038;p=3104"},"modified":"2026-04-02T07:51:16","modified_gmt":"2026-04-02T07:51:16","slug":"as-u-03","status":"publish","type":"product","link":"https:\/\/pcodynamic.com\/ru\/produkt\/as-u-03\/","title":{"rendered":"AS-U-03"},"content":{"rendered":"<div class=\"description-tiles\">\n<div class=\"row\">\n<div class=\"half descr\">\n<div id=\"zalety\" class=\"half-content\">\n<p><strong>URAZY MI\u0118\u015aNI UDA<\/strong><\/p>\n<p>Do&nbsp;najcz\u0119stszych uraz\u00f3w uda zaliczamy naci\u0105gni\u0119cie mi\u0119\u015bnia czworog\u0142owego i&nbsp;podkolanowego (bardzo cz\u0119ste u&nbsp;sportowc\u00f3w) i&nbsp;st\u0142uczenia, kt\u00f3re s\u0105 cz\u0119sto wynikiem bezpo\u015bredniego uderzenia i&nbsp;upadku. Nagromadzaj\u0105cy si\u0119 p\u0142yn pourazowy w&nbsp;uszkodzonym obszarze powoduje obrz\u0119k, tkliwo\u015b\u0107 i&nbsp;bolesno\u015b\u0107 uda. Uraz mi\u0119\u015bni i&nbsp;\u015bci\u0119gien zmniejsza r\u00f3wnie\u017c ruchomo\u015b\u0107 stawu biodrowego i&nbsp;kolanowego.<\/p>\n<p>Wi\u0119kszo\u015b\u0107 ostrych uraz\u00f3w leczy si\u0119 za&nbsp;pomoc\u0105 standardowej procedury pourazowej RICE (odpoczynek, krioterapia, kompresja i&nbsp;elewacja ko\u0144czyny). W&nbsp;tym celu sprawdzi si\u0119 <strong><b>kompresyjna opaska uda AS-U-03<\/b><\/strong>, kt\u00f3ra redukuje obrz\u0119k i&nbsp;zmniejsza stan zapalny.<\/p>\n<p><strong>AeroSpace\u2122<\/strong> \u044d\u0442\u043e \u0438\u043d\u043d\u043e\u0432\u0430\u0446\u0438\u043e\u043d\u043d\u044b\u0439 \u043c\u0430\u0442\u0435\u0440\u0438\u0430\u043b \u043d\u043e\u0432\u043e\u0433\u043e \u043f\u043e\u043a\u043e\u043b\u0435\u043d\u0438\u044f. \u041f\u0440\u0435\u0434\u0441\u0442\u0430\u0432\u043b\u044f\u0435\u0442 \u0441\u043e\u0431\u043e\u0439 \u043f\u0440\u043e\u0441\u0442\u0440\u0430\u043d\u043d\u044b\u0439 \u0438 \u044d\u043b\u0430\u0441\u0442\u0438\u0447\u043d\u044b\u0439 3D \u043c\u0430\u0442\u0435\u0440\u0438\u0430\u043b, \u0441\u043e\u0441\u0442\u043e\u044f\u0449\u0438\u0439 \u0438\u0437 \u0434\u0432\u0443\u0445 \u0432\u043d\u0435\u0448\u043d\u0438\u0445 \u0441\u043b\u043e\u0435\u0432 \u0438 \u043f\u043b\u0435\u0442\u0435\u043d\u043d\u043e\u0439 \u0432\u043d\u0443\u0442\u0440\u0435\u043d\u043d\u0435\u0439 \u0447\u0430\u0441\u0442\u0438 \u0441\u043e\u0437\u0434\u0430\u044e\u0449\u0435\u0439 \u043d\u0443\u0436\u043d\u0443\u044e \u0442\u043e\u043b\u0449\u0438\u043d\u0443 \u0438 \u0440\u0430\u0437\u0433\u0440\u0443\u0436\u0430\u044e\u0449\u0438\u0435 \u0441\u0432\u043e\u0439\u0441\u0442\u0432\u0430. \u0418\u0441\u043f\u043e\u043b\u044c\u0437\u0443\u0435\u0442\u0441\u044f \u043f\u043e\u043b\u0438\u044d\u0441\u0442\u0440 \u043e\u0431\u0435\u0441\u043f\u0435\u0447\u0438\u0432\u0430\u044e\u0449\u0438\u0439 \u043c\u0435\u0445\u0430\u043d\u0438\u0447\u0435\u0441\u043a\u0443\u044e \u043f\u0440\u043e\u0447\u043d\u043e\u0441\u0442\u044c \u0438 \u0441\u043f\u0430\u043d\u0434\u0435\u043a\u0441 \u043e\u0431\u0435\u0441\u043f\u0435\u0447\u0438\u0432\u0430\u044e\u0449\u0438\u0439 \u044d\u043b\u0430\u0441\u0442\u0438\u0447\u043d\u043e\u0441\u0442\u044c. \u042d\u0442\u043e \u043e\u0447\u0435\u043d\u044c \u043b\u0435\u0433\u043a\u0438\u0439, \u0432\u044b\u0441\u043e\u043a\u043e \u044d\u043b\u0430\u0441\u0442\u0438\u0447\u043d\u044b\u0439 \u0438 \u0430\u0436\u0443\u0440\u043d\u044b\u0439 \u043c\u0430\u0442\u0435\u0440\u0438\u0430\u043b, \u0431\u043b\u0430\u0433\u043e\u0434\u0430\u0440\u044f \u0447\u0435\u043c\u0443 \u0445\u043e\u0440\u043e\u0448\u043e \u043e\u0442\u0432\u043e\u0434\u0438\u0442 \u043f\u043e\u0442 \u0438 \u0441\u043f\u043e\u0441\u043e\u0431\u0441\u0442\u0432\u0443\u0435\u0442 \u0432\u0435\u043d\u0442\u0438\u043b\u044f\u0446\u0438\u0438. \u0418\u0437\u0434\u0435\u043b\u0438\u044f \u0438\u0437 \u044d\u0442\u043e\u0433\u043e \u043c\u0430\u0442\u0435\u0440\u0438\u0430\u043b\u0430 \u043d\u0435\u0439\u0442\u0440\u0430\u043b\u044c\u043d\u044b \u043a \u0441\u0443\u0441\u0442\u0430\u0432\u0443, \u043d\u0435 \u0433\u0440\u0435\u044e\u0442 \u0438 \u043d\u0435 \u043e\u0445\u043b\u0430\u0436\u0434\u0430\u044e\u0442 \u0435\u0433\u043e, \u043d\u043e \u043f\u043e\u0434\u0434\u0435\u0440\u0436\u0438\u0432\u0430\u044e\u0442 \u043d\u0443\u0436\u043d\u0443\u044e \u043a\u043e\u043c\u043f\u0440\u0435\u0441\u0441\u0438\u044e \u0438 \u043f\u0440\u0438\u043b\u0435\u0433\u0430\u043d\u0438\u0435 \u0438 \u0443\u043c\u0435\u043d\u044c\u0448\u0430\u044e\u0442 \u0434\u0440\u043e\u0436\u044c \u043c\u044b\u0448\u0446 \u0432\u043e \u0432\u0440\u0435\u043c\u044f \u0444\u0438\u0437\u0438\u0447\u0435\u0441\u043a\u0438\u0445 \u043d\u0430\u0433\u0440\u0443\u0437\u043e\u043a. \u0415\u0433\u043e \u0442\u043e\u043b\u0449\u0438\u043d\u0430 \u0438 3D \u0441\u0442\u0440\u0443\u043a\u0442\u0443\u0440\u0430 \u0437\u0430\u0449\u0438\u0449\u0430\u044e\u0442 \u043e\u0442 \u0432\u043e\u0437\u0434\u0435\u0439\u0441\u0442\u0432\u0438\u044f \u0443\u0441\u0442\u0430\u043d\u043e\u0432\u043b\u0435\u043d\u043d\u044b\u0445 \u043d\u0430 \u0438\u0437\u0434\u0435\u043b\u0438\u0438 \u043e\u0440\u0442\u043e\u043f\u0435\u0434\u0438\u0447\u0435\u0441\u043a\u0438\u0445 \u0448\u0438\u043d, \u0444\u0438\u0448\u0431\u0438\u043d \u0438\u043b\u0438 \u0434\u0440\u0443\u0433\u0438\u0445 \u0436\u0435\u0441\u0442\u043a\u0438\u0445 \u044d\u043b\u0435\u043c\u0435\u043d\u0442\u043e\u0432 \u0438 \u0433\u0430\u0440\u0430\u043d\u0442\u0438\u0440\u0443\u044e\u0442 \u043c\u044f\u0433\u043a\u043e\u0441\u0442\u044c \u043d\u0430 \u043e\u0449\u0443\u043f\u044c.<\/p>\n<p><a data-rel='lightbox' href='https:\/\/www.reh4mat.com\/uploads\/2021\/04\/AERO-SPACE-I-1190x630.png'><img src='https:\/\/www.reh4mat.com\/uploads\/2021\/04\/AERO-SPACE-I-1190x630.png' alt='' title='' class='aligncenter size-large' width='1024' height='542'><\/a><\/p>\n<\/div>\n<\/div>\n<div class=\"half with-image\" style=\"background-image: url('https:\/\/pcodynamic.com\/wp-content\/uploads\/2026\/01\/4T7A7388-1.jpg');\"><\/div>\n<\/div>\n<div class=\"row\">\n<div class=\"half descr\">\n<div class=\"half-content\">\n<p><strong><b>Charakterystyka produktu:<\/b><\/strong><\/p>\n<p><strong><b>Kompresyjna opaska uda AS-U-03<\/b><\/strong>\u00a0to skuteczne wsparcie w&nbsp;profilaktyce oraz&nbsp;leczeniu uraz\u00f3w mi\u0119\u015bni uda, naci\u0105gni\u0119\u0107 i&nbsp;przeci\u0105\u017ce\u0144. Pomocna dla&nbsp;os\u00f3b aktywnych fizycznie, sportowc\u00f3w oraz&nbsp;u\u017cytkownik\u00f3w w&nbsp;trakcie rehabilitacji.<\/p>\n<p>Wykonana z&nbsp;przyjaznego dla&nbsp;sk\u00f3ry, oddychaj\u0105cego, wodoodpornego surowca <strong><em><b><i>UniPren\u2122<\/i><\/b><\/em><\/strong>\u00a0o elastycznej konstrukcji, zapewnia doskona\u0142e dopasowanie do&nbsp;anatomicznego kszta\u0142tu uda.<\/p>\n<p><img loading=\"lazy\" class=\" wp-image-336635 aligncenter\" title=\"\" src=\"https:\/\/www.reh4mat.com\/uploads\/2025\/07\/as-u-03-1190x1398.jpg\" alt=\"\" width=\"682\" height=\"802\" \/><\/p>\n<p><strong><b>Orteza uciskowa uda AS-U-03<\/b><\/strong>\u00a0poprawia kr\u0105\u017cenie krwi, zmniejsza obrz\u0119ki i&nbsp;przyspiesza regeneracj\u0119 po&nbsp;urazie.<\/p>\n<p>Praktyczne trzystopniowe zapi\u0119cie rzepowe zapewnia indywidualny stopie\u0144 kompresji i&nbsp;celowan\u0105 terapi\u0119.<\/p>\n<p>W&nbsp;zale\u017cno\u015bci od ustawienia poziomu kompresji, uzyskujemy spersonalizowany efekt terapeutyczny.<\/p>\n<\/div>\n<\/div>\n<div class=\"half with-image\" style=\"background-image: url('https:\/\/pcodynamic.com\/wp-content\/uploads\/2026\/01\/4T7A7383.jpg');\"><\/div>\n<\/div>\n<div class=\"row\">\n<div class=\"half descr\">\n<div><\/div>\n<div class=\"half-content\">Orteza uda AS-U-03\u00a0skutecznie wspomaga regeneracj\u0119 po&nbsp;urazach mi\u0119\u015bni uda. Zapewnia ukierunkowan\u0105 terapeutyczn\u0105 kompresj\u0119, kt\u00f3ra mo\u017ce pom\u00f3c zmniejszy\u0107 obrz\u0119k, zwi\u0119kszy\u0107 przep\u0142yw krwi i&nbsp;wspiera\u0107 mi\u0119\u015bnie podczas gojenia.<\/div>\n<div class=\"half-content\">Przyspiesza czas regeneracji i&nbsp;optymalizuje wydajno\u015b\u0107. Idealny w&nbsp;przypadku naci\u0105gni\u0119\u0107 pachwiny, b\u00f3lu n\u00f3g, uraz\u00f3w \u015bci\u0119gna podkolanowego i&nbsp;rwy kulszowej, a&nbsp;tak\u017ce jako profilaktyka urazu.<br \/>\n<br \/>\n<strong><b>Przeznaczenie:<\/b><\/strong><\/p>\n<ul>\n<li>entezopatia,<\/li>\n<li>st\u0142uczenia,<\/li>\n<li>naci\u0105gni\u0119cia,<\/li>\n<li>zesp\u00f3\u0142 b\u00f3lowy mi\u0119\u015bni uda,<\/li>\n<li>naderwanie i&nbsp;zerwanie tkanek mi\u0119kkich,<\/li>\n<li>przeci\u0105\u017cenie mi\u0119\u015bni uda (mi\u0119sie\u0144 czworog\u0142owy, mi\u0119sie\u0144 dwug\u0142owy),<\/li>\n<li>b\u00f3l w&nbsp;okolicy pachwiny podczas trening\u00f3w,<br \/>\nrehabilitacja po&nbsp;urazach.<\/li>\n<\/ul>\n<\/div>\n<\/div>\n<div class=\"half with-image\" style=\"background-image: url('https:\/\/pcodynamic.com\/wp-content\/uploads\/2026\/01\/4T7A7400-1.jpg');\"><\/div>\n<\/div>\n<div class=\"row\">\n<div class=\"half descr\">\n<div class=\"half-content\">\n<h3>Do&nbsp;pobrania<\/h3>\n<ul class=\"pdf\">\n<li><a href=\"https:\/\/reh4mat.com\/deklaracje\/pl\/52.pdf\">Deklaracja zgodno\u015bci (nazwa deklaracji)<\/a><\/li>\n<li><a href=\"https:\/\/reh4mat.com\/instrukcje\/9.pdf\">Instrukcja u\u017cytkowania (nazwa instrukcji)<\/a><\/li>\n<li><a href=\"https:\/\/reh4mat.com\/instrukcje\/inne\/9.pdf\">Instrukcja u\u017cytkowania (inne j\u0119zyki)<\/a><\/li>\n<li><a href=\"https:\/\/www.reh4mat.com\/uploads\/2025\/07\/AS-U-03-2025.pdf\"> Spos\u00f3b zak\u0142adania <\/a><\/li>\n<\/ul>\n<p>&nbsp;<\/p>\n<\/div>\n<\/div>\n<div class=\"half with-image\" style=\"background-image: url('https:\/\/pcodynamic.com\/wp-content\/uploads\/2026\/01\/4T7A7381_1-1.jpg');\"><\/div>\n<\/div>\n<div class=\"row\">\n<div class=\"half descr\">\n<div class=\"half-content\">\n<h3>Rozmiary<\/h3>\n<table style=\"width: 57.5246%; height: 235px;\" border=\"0\" cellspacing=\"0\">\n<thead>\n<tr style=\"height: 48px;\">\n<td style=\"text-align: center; height: 48px; width: 18.3562%;\">Rozmiar<\/td>\n<td style=\"text-align: center; height: 48px; width: 25.9058%;\">Obw\u00f3d uda 5 cm poni\u017cej pachwiny (A)<\/td>\n<td style=\"text-align: center; width: 17.5853%;\">Odleg\u0142o\u015b\u0107 od pachwiny do&nbsp;zgi\u0119cia pod&nbsp;kolanami (B)<\/td>\n<td style=\"text-align: center; height: 48px; width: 26.7828%;\">Spos\u00f3b dokonywania pomiaru<\/td>\n<\/tr>\n<\/thead>\n<colgroup width=\"135\"><\/colgroup>\n<colgroup width=\"238\"><\/colgroup>\n<colgroup width=\"362\"><\/colgroup>\n<tbody>\n<tr style=\"height: 33px;\">\n<td style=\"height: 33px; text-align: center; width: 18.3562%;\">S<\/td>\n<td style=\"height: 33px; text-align: center; width: 25.9058%;\">45-55 cm<\/td>\n<td style=\"text-align: center; width: 17.5853%;\">&lt; 25 cm<\/td>\n<td style=\"height: 187px; width: 26.7828%;\" rowspan=\"6\"><img loading=\"lazy\" class=\"alignnone size-full wp-image-336550\" src=\"https:\/\/www.reh4mat.com\/uploads\/2025\/07\/12.jpg\" alt=\"\" width=\"1042\" height=\"1042\" \/><\/td>\n<\/tr>\n<tr style=\"height: 33px;\">\n<td style=\"height: 33px; text-align: center; width: 18.3562%;\">M<\/td>\n<td style=\"height: 33px; text-align: center; width: 25.9058%;\">55-70 cm<\/td>\n<td style=\"text-align: center; width: 17.5853%;\">&lt; 25 cm<\/td>\n<\/tr>\n<tr style=\"height: 33px;\">\n<td style=\"height: 33px; text-align: center; width: 18.3562%;\">L<\/td>\n<td style=\"height: 33px; text-align: center; width: 25.9058%;\">70-90 cm<\/td>\n<td style=\"text-align: center; width: 17.5853%;\">&lt; 25 cm<\/td>\n<\/tr>\n<tr style=\"height: 33px;\">\n<td style=\"height: 33px; text-align: center; width: 18.3562%;\">S\/Xsize<\/td>\n<td style=\"height: 33px; text-align: center; width: 25.9058%;\">45-55 cm<\/td>\n<td style=\"text-align: center; width: 17.5853%;\">&gt; 25 cm<\/td>\n<\/tr>\n<tr style=\"height: 33px;\">\n<td style=\"height: 33px; text-align: center; width: 18.3562%;\">M\/Xsize<\/td>\n<td style=\"height: 33px; text-align: center; width: 25.9058%;\">55-70 cm<\/td>\n<td style=\"text-align: center; width: 17.5853%;\">&gt; 25 cm<\/td>\n<\/tr>\n<tr style=\"height: 33px;\">\n<td style=\"height: 22px; text-align: center; width: 18.3562%;\">L\/Xsize<\/td>\n<td style=\"height: 22px; text-align: center; width: 25.9058%;\">70-90 cm2<\/td>\n<td style=\"text-align: center; width: 17.5853%;\">&gt; 25 cm<\/td>\n<\/tr>\n<\/tbody>\n<\/table>\n<p><strong>Wyr\u00f3b uniwersalny na&nbsp;praw\u0105 i&nbsp;lew\u0105 nog\u0119.<\/strong><\/p>\n<p><strong>\u00a0<\/strong><strong>Ca\u0142kowita wysoko\u015b\u0107 ortezy:<\/strong><\/p>\n<p><strong>S-L: 20 cm<\/strong><\/p>\n<p><strong>S-L\/Xsize: 25 cm<\/strong><\/p>\n<\/div>\n<\/div>\n<div class=\"half with-image\" style=\"background-image: url('https:\/\/pcodynamic.com\/wp-content\/uploads\/2026\/01\/4T7A7402-1.jpg');\"><\/div>\n<\/div>\n<\/div>\n<div class=\"notranslate\" style=\"all: initial;\"><\/div>\n","protected":false},"excerpt":{"rendered":"<p><strong>Kompresyjna orteza uda<\/strong><\/p>\n<p>Urazy uda cz\u0119sto obejmuj\u0105 naci\u0105gni\u0119cia mi\u0119\u015bni, st\u0142uczenia (siniaki), a w ci\u0119\u017cszych przypadkach zerwania \u015bci\u0119gien. Kontuzje te cz\u0119sto wyst\u0119puj\u0105 z powodu nadmiernego rozci\u0105gni\u0119cia, bezpo\u015bredniego uderzenia lub powtarzaj\u0105cych si\u0119 ruch\u00f3w przeci\u0105\u017caj\u0105cych podczas uprawiania sportu lub aktywno\u015bci fizycznej. Objawy mog\u0105 obejmowa\u0107 b\u00f3l, obrz\u0119k, zasinienie i trudno\u015bci z poruszaniem si\u0119.<\/p>\n","protected":false},"featured_media":3139,"comment_status":"open","ping_status":"closed","template":"","meta":[],"_links":{"self":[{"href":"https:\/\/pcodynamic.com\/ru\/wp-json\/wp\/v2\/product\/3104\/"}],"collection":[{"href":"https:\/\/pcodynamic.com\/ru\/wp-json\/wp\/v2\/product\/"}],"about":[{"href":"https:\/\/pcodynamic.com\/ru\/wp-json\/wp\/v2\/types\/product\/"}],"replies":[{"embeddable":true,"href":"https:\/\/pcodynamic.com\/ru\/wp-json\/wp\/v2\/comments\/?post=3104"}],"version-history":[{"count":26,"href":"https:\/\/pcodynamic.com\/ru\/wp-json\/wp\/v2\/product\/3104\/revisions\/"}],"predecessor-version":[{"id":3149,"href":"https:\/\/pcodynamic.com\/ru\/wp-json\/wp\/v2\/product\/3104\/revisions\/3149\/"}],"wp:featuredmedia":[{"embeddable":true,"href":"https:\/\/pcodynamic.com\/ru\/wp-json\/wp\/v2\/media\/3139\/"}],"wp:attachment":[{"href":"https:\/\/pcodynamic.com\/ru\/wp-json\/wp\/v2\/media\/?parent=3104"}],"curies":[{"name":"wp","href":"https:\/\/api.w.org\/{rel}","templated":true}]}}