{"id":2591,"date":"2023-12-28T23:46:19","date_gmt":"2023-12-28T23:46:19","guid":{"rendered":"https:\/\/pcodynamic.com\/?post_type=product&#038;p=2591"},"modified":"2025-06-13T11:36:59","modified_gmt":"2025-06-13T11:36:59","slug":"pco-t-14","status":"publish","type":"product","link":"https:\/\/pcodynamic.com\/ru\/produkt\/pco-t-14\/","title":{"rendered":"PCO-T-14"},"content":{"rendered":"<div class=\"description-tiles\">\n<div class=\"row\">\n<div class=\"half descr\">\n<div id=\"zalety\" class=\"half-content\">\n<h3>PCO-T-14<\/h3>\n<p><strong><b>Kompresyjna orteza tu\u0142owia i&nbsp;miednicy PCO-T-14<\/b><\/strong>\u00a0zwi\u0119ksza stabilizacj\u0119 i&nbsp;kontrol\u0119 postawy dzieci z&nbsp;zaburzeniami neurologicznymi oraz&nbsp;umo\u017cliwia stosowanie korekcji posturalnej. Orteza zapewnia osobom z&nbsp;zaburzeniami czuciowo-ruchowymi wysoce skuteczn\u0105 popraw\u0119 postawy, stabilno\u015b\u0107 miednicy, precyzj\u0119 ruch\u00f3w, stabilizacj\u0119 staw\u00f3w i&nbsp;zapobiega przykurczom mi\u0119\u015bni.<\/p>\n<\/div>\n<\/div>\n<div class=\"half with-image\" style=\"background-image: url('https:\/\/pcodynamic.com\/wp-content\/uploads\/2023\/12\/4T7A3230-1-scaled.jpg');\"><\/div>\n<\/div>\n<div class=\"row\">\n<div class=\"half descr\">\n<div class=\"half-content\">\n<p><strong><b>JAK DZIA\u0141A KAMIZELKA TU\u0141OWIA I&nbsp;MIEDNICY PCO-T-14?<\/b><\/strong><\/p>\n<p>Zaprojektowana we wsp\u00f3\u0142pracy z&nbsp;fizjoterapeutami dzieci\u0119cymi zapewnia g\u0142\u0119bok\u0105, rdzeniow\u0105 kompresj\u0119 i\u00a0stabilizacj\u0119 napi\u0119cia mi\u0119\u015bniowego kr\u0119gos\u0142upa i&nbsp;miednicy. Poprzez popraw\u0119 kontroli postawy, aktywowany jest system somatosensoryczny. Lepsza kontrola tu\u0142owia i&nbsp;obr\u0119czy biodrowej prowadzi do&nbsp;efektywnego wykorzystania ko\u0144czyn g\u00f3rnych i&nbsp;dolnych w&nbsp;codziennym funkcjonowaniu.<\/p>\n<p>Lepsza kontrola rdzenia pozwala r\u00f3wnie\u017c dziecku na&nbsp;aktywno\u015b\u0107 fizyczn\u0105 redukuj\u0105c zu\u017cycie energii.<\/p>\n<p>Orteza zosta\u0142a wyposa\u017cona w&nbsp;system elastycznych pas\u00f3w kompresyjnych, kt\u00f3re koryguj\u0105 postaw\u0119 dziecka z&nbsp;delikatnym, d\u0142ugotrwa\u0142ym elastycznym wsparciem. W&nbsp;ten spos\u00f3b utrzymujemy efekty wypracowane manualnie w&nbsp;trakcie terapii.<\/p>\n<p>Dodatkowo, orteza posiada kompresyjne spodenki, obejmuj\u0105ce ca\u0142\u0105 obr\u0119cz biodrow\u0105. Sta\u0142a kompresja miednicy zapewnia dziecku odpowiedni feedback i&nbsp;pozwala na&nbsp;utrzymanie jej w&nbsp;pozycji po\u015bredniej. W&nbsp;ten spos\u00f3b, miednica dziecka nie znajduje si\u0119 w&nbsp;ty\u0142opochyleniu w&nbsp;pozycji siedz\u0105cej ani&nbsp;w&nbsp;przodopochyleniu w&nbsp;pozycji stoj\u0105cej.<\/p>\n<p>Wykonana z&nbsp;mi\u0119kkiego surowca <strong><em><b><i>PowerElastic\u2122,<\/i><\/b><\/em><\/strong>\u00a0zapewnia g\u0142\u0119bok\u0105 terapeutyczn\u0105 kompresj\u0119 i&nbsp;stabilizacj\u0119 napi\u0119cia mi\u0119\u015bniowego.<\/p>\n<p><p><strong>PowerElastic\u2122<\/strong> \u044d\u0442\u043e \u043e\u0447\u0435\u043d\u044c \u0442\u043e\u043d\u043a\u0438\u0439 \u0438 \u044d\u043b\u0430\u0441\u0442\u0438\u0447\u043d\u044b\u0439 \u043c\u0430\u0442\u0435\u0440\u0438\u0430\u043b \u0434\u043b\u044f \u0438\u0437\u0433\u043e\u0442\u043e\u0432\u043b\u0435\u043d\u0438\u044f \u0442\u043e\u043d\u043a\u0438\u0445 \u0438 \u0441\u043b\u043e\u0436\u043d\u044b\u0445 \u043e\u0440\u0442\u043e\u043f\u0435\u0434\u0438\u0447\u0435\u0441\u043a\u0438\u0445 \u0438\u0437\u0434\u0435\u043b\u0438\u0439. \u0421\u043e\u0441\u0442\u043e\u0438\u0442 \u0438\u0437 \u0434\u0432\u0443\u0445 \u0441\u043b\u043e\u0435\u0432 \u0441\u043f\u0430\u043d\u0434\u0435\u043a\u0441\u0430, \u043e\u0442\u0432\u0435\u0447\u0430\u044e\u0449\u0435\u0433\u043e \u0437\u0430 \u043d\u0443\u0436\u043d\u0443\u044e \u043a\u043e\u043c\u043f\u0440\u0435\u0441\u0441\u0438\u044e \u0438 \u043f\u0440\u0438\u043b\u0435\u0433\u0430\u043d\u0438\u0435 \u0438\u0437\u0434\u0435\u043b\u0438\u044f \u043a \u0442\u0435\u043b\u0443. \u0412\u043d\u0443\u0442\u0440\u0435\u043d\u043d\u044f\u044f \u043c\u0435\u043c\u0431\u0440\u0430\u043d\u0430 \u043f\u043e\u0434\u0434\u0435\u0440\u0436\u0438\u0432\u0430\u0435\u0442 \u043c\u0438\u043a\u0440\u043e\u043a\u043b\u0438\u043c\u0430\u0442 \u043e\u043a\u043e\u043b\u043e \u043a\u043e\u0436\u0438 \u0438 \u044d\u0444\u0444\u0435\u043a\u0442\u0438\u0432\u043d\u043e \u043e\u0442\u0432\u043e\u0434\u0438\u0442 \u043f\u043e\u0442, \u043e\u043d\u0430 \u043e\u0447\u0435\u043d\u044c \u043c\u044f\u0433\u043a\u0430\u044f \u043d\u0430 \u043e\u0449\u0443\u043f\u044c. \u041c\u0430\u0442\u0435\u0440\u0438\u0430\u043b \u043f\u0440\u0438\u044f\u0442\u043d\u044b\u0439 \u0434\u043b\u044f \u043a\u043e\u0436\u0438 \u0447\u0435\u043b\u043e\u0432\u0435\u043a\u0430 \u0438 \u0438\u043c\u0435\u0435\u0442 \u0441\u0435\u0440\u0442\u0438\u0444\u0438\u043a\u0430\u0446\u0438\u044e Oeko-Tex Standard 100.<\/p><br \/>\n<p><a data-rel='lightbox' href='https:\/\/www.reh4mat.com\/uploads\/2021\/11\/POWER-ELASTIC-1190x630.png'><img src='https:\/\/www.reh4mat.com\/uploads\/2021\/11\/POWER-ELASTIC-1190x630.png' alt='' title='' class='aligncenter size-large' width='1024' height='542'><\/a><\/p><\/p>\n<\/div>\n<div>\n<pre class=\"hljs\"><code class=\"html\">\u00a0<\/code><\/pre>\n<\/div>\n<\/div>\n<div class=\"half with-image\" style=\"background-image: url('https:\/\/pcodynamic.com\/wp-content\/uploads\/2023\/12\/4T7A3157-scaled.jpg');\"><\/div>\n<\/div>\n<div class=\"row\">\n<div class=\"half descr\">\n<div class=\"half-content\">\n<p><strong><b>Kompresyjna kamizelka PCO-T-14<\/b><\/strong>\u00a0zapewnia stabilizacj\u0119 zar\u00f3wno w\u00a0p\u0142aszczy\u017anie czo\u0142owej jak i\u00a0strza\u0142kowej, dlatego\u00a0jest doskona\u0142ym rozwi\u0105zaniem w\u00a0przypadku wyst\u0119powania schorze\u0144 neurologicznych. Materia\u0142 zapewnia elastyczny i\u00a0g\u0142\u0119boki ucisk co wp\u0142ywa korzystnie na\u00a0poprawienie r\u00f3wnowagi cia\u0142a, a\u00a0tak\u017ce zdecydowane zmniejszenie ruch\u00f3w mimowolnych dziecka, dlatego&nbsp;orteza \u00a0sprawdzi si\u0119 w&nbsp;fizjoterapii pediatrycznej tj. PNF, NDT Bobath czy&nbsp;integracji sensorycznej SI.<\/p>\n<p><strong><u><b>Przeznaczenie: <\/b><\/u><\/strong><\/p>\n<ul>\n<li>Hipotonia<\/li>\n<li>MPD (diplegia)<\/li>\n<li>Pora\u017cenie m\u00f3zgowe po\u0142owicze<\/li>\n<li>Kr\u0119cz szyi<\/li>\n<li>Atetoza<\/li>\n<li>Ataksja m\u00f3\u017cd\u017ckowa<\/li>\n<li>Po\u0142o\u017cnicze uszkodzenie splotu ramiennego (OBPI)<\/li>\n<li>Op\u00f3\u017anienie rozwoju<\/li>\n<\/ul>\n<\/div>\n<\/div>\n<div class=\"half with-image\" style=\"background-image: url('https:\/\/pcodynamic.com\/wp-content\/uploads\/2023\/12\/4T7A3207-scaled.jpg');\"><\/div>\n<\/div>\n<div class=\"row\">\n<div class=\"half descr\">\n<div id=\"tabela\" class=\"half-content\">\n<h3>Tabela rozmiarowa<\/h3>\n<table style=\"width: 962px; height: 284px;\">\n<thead>\n<tr style=\"height: 80px;\">\n<th style=\"text-align: center; vertical-align: middle; width: 87.0667px; height: 80px;\">Rozmiar<\/th>\n<th style=\"text-align: center; vertical-align: middle; width: 154.617px; height: 80px;\">Obw\u00f3d tu\u0142owia (A)<\/th>\n<th style=\"text-align: center; vertical-align: middle; width: 186.033px; height: 80px;\"><strong>D\u0142ugo\u015b\u0107 od\u00a0 pachy\u00a0 do&nbsp;krocza (B)<\/strong><\/th>\n<th style=\"width: 243.25px; text-align: center; vertical-align: middle; height: 80px;\"><strong>Obw\u00f3d uda <\/strong><\/p>\n<p><strong>(C)<\/strong><\/th>\n<th style=\"width: 258.433px; text-align: center; vertical-align: middle; height: 80px;\">Spos\u00f3b dokonywania pomiaru<\/th>\n<\/tr>\n<\/thead>\n<tbody>\n<tr style=\"height: 34px;\">\n<td style=\"text-align: center; vertical-align: middle; width: 87.0667px; height: 34px;\">1<\/td>\n<td style=\"text-align: center; vertical-align: middle; width: 154.617px; height: 34px;\"><strong>51 &#8212; 53 cm<\/strong><\/td>\n<td style=\"text-align: center; vertical-align: middle; width: 186.033px; height: 34px;\"><strong>23 &#8212; 26 cm<\/strong><\/td>\n<td style=\"text-align: center; vertical-align: middle; width: 243.25px; height: 34px;\"><strong>30 &#8212; 33 cm<\/strong><\/td>\n<td style=\"text-align: center; vertical-align: middle; width: 258.433px; height: 204px;\" rowspan=\"6\"><img loading=\"lazy\" class=\"alignnone wp-image-2818 \" src=\"https:\/\/pcodynamic.com\/wp-content\/uploads\/2023\/12\/rozmiary-300x265.jpg\" alt=\"\" width=\"223\" height=\"197\" srcset=\"https:\/\/pcodynamic.com\/wp-content\/uploads\/2023\/12\/rozmiary-300x265.jpg 300w, https:\/\/pcodynamic.com\/wp-content\/uploads\/2023\/12\/rozmiary-768x679.jpg 768w, https:\/\/pcodynamic.com\/wp-content\/uploads\/2023\/12\/rozmiary-250x221.jpg 250w, https:\/\/pcodynamic.com\/wp-content\/uploads\/2023\/12\/rozmiary-550x486.jpg 550w, https:\/\/pcodynamic.com\/wp-content\/uploads\/2023\/12\/rozmiary-800x707.jpg 800w, https:\/\/pcodynamic.com\/wp-content\/uploads\/2023\/12\/rozmiary-204x180.jpg 204w, https:\/\/pcodynamic.com\/wp-content\/uploads\/2023\/12\/rozmiary-339x300.jpg 339w, https:\/\/pcodynamic.com\/wp-content\/uploads\/2023\/12\/rozmiary-566x500.jpg 566w, https:\/\/pcodynamic.com\/wp-content\/uploads\/2023\/12\/rozmiary-600x530.jpg 600w, https:\/\/pcodynamic.com\/wp-content\/uploads\/2023\/12\/rozmiary.jpg 1015w\" sizes=\"(max-width: 223px) 100vw, 223px\" \/><\/td>\n<\/tr>\n<tr style=\"height: 34px;\">\n<td style=\"text-align: center; vertical-align: middle; width: 87.0667px; height: 34px;\">2<\/td>\n<td style=\"text-align: center; vertical-align: middle; width: 154.617px; height: 34px;\"><strong>53 &#8212; 56 cm<\/strong><\/td>\n<td style=\"text-align: center; vertical-align: middle; width: 186.033px; height: 34px;\"><strong>26 &#8212; 29 cm<\/strong><\/td>\n<td style=\"text-align: center; vertical-align: middle; width: 243.25px; height: 34px;\"><strong>33 &#8212; 36 cm<\/strong><\/td>\n<\/tr>\n<tr style=\"height: 34px;\">\n<td style=\"text-align: center; vertical-align: middle; width: 87.0667px; height: 34px;\">3<\/td>\n<td style=\"text-align: center; vertical-align: middle; width: 154.617px; height: 34px;\"><strong>56 &#8212; 59 cm<\/strong><\/td>\n<td style=\"text-align: center; vertical-align: middle; width: 186.033px; height: 34px;\"><strong>29 &#8212; 32 cm<\/strong><\/td>\n<td style=\"text-align: center; vertical-align: middle; width: 243.25px; height: 34px;\"><strong>36 &#8212; 38 cm<\/strong><\/td>\n<\/tr>\n<tr style=\"height: 34px;\">\n<td style=\"text-align: center; vertical-align: middle; width: 87.0667px; height: 34px;\">4<\/td>\n<td style=\"text-align: center; vertical-align: middle; width: 154.617px; height: 34px;\"><strong>59 &#8212; 63 cm<\/strong><\/td>\n<td style=\"text-align: center; vertical-align: middle; width: 186.033px; height: 34px;\"><strong>32 &#8212; 36 cm<\/strong><\/td>\n<td style=\"text-align: center; vertical-align: middle; width: 243.25px; height: 34px;\"><strong>38 &#8212; 40 cm<\/strong><\/td>\n<\/tr>\n<tr style=\"height: 34px;\">\n<td style=\"text-align: center; vertical-align: middle; width: 87.0667px; height: 34px;\">5<\/td>\n<td style=\"text-align: center; vertical-align: middle; width: 154.617px; height: 34px;\"><strong>63 &#8212; 67 cm<\/strong><\/td>\n<td style=\"text-align: center; vertical-align: middle; width: 186.033px; height: 34px;\"><strong>36 &#8212; 40 cm<\/strong><\/td>\n<td style=\"text-align: center; vertical-align: middle; width: 243.25px; height: 34px;\"><strong>39 &#8212; 41 cm<\/strong><\/td>\n<\/tr>\n<tr style=\"height: 34px;\">\n<td style=\"text-align: center; vertical-align: middle; width: 87.0667px; height: 34px;\">6<\/td>\n<td style=\"text-align: center; vertical-align: middle; width: 154.617px; height: 34px;\"><strong>67 &#8212; 72 cm<\/strong><\/td>\n<td style=\"text-align: center; vertical-align: middle; width: 186.033px; height: 34px;\"><strong>40 &#8212; 44 cm<\/strong><\/td>\n<td style=\"text-align: center; vertical-align: middle; width: 243.25px; height: 34px;\"><strong>41 &#8212; 43 cm<\/strong><\/td>\n<\/tr>\n<\/tbody>\n<\/table>\n<h3>Do&nbsp;pobrania<\/h3>\n<ul class=\"pdf\">\n<li><a href=\"https:\/\/pcodynamic.com\/wp-content\/uploads\/2023\/01\/44-U-7-PCO-PL-EN.pdf\">Instrukcja u\u017cytkowania PL\/ENG<\/a><\/li>\n<li><a href=\"https:\/\/pcodynamic.com\/wp-content\/uploads\/2023\/01\/44-U-2-PCO-RU.pdf\">Instrukcja u\u017cytkowania RUS<\/a><\/li>\n<li><a href=\"https:\/\/pcodynamic.com\/wp-content\/uploads\/2025\/06\/PCO-T-14-2024.pdf\">Spos\u00f3b zak\u0142adania<\/a><\/li>\n<\/ul>\n<\/div>\n<\/div>\n<div class=\"half with-image\" style=\"background-image: url('https:\/\/pcodynamic.com\/wp-content\/uploads\/2023\/12\/4T7A3104-scaled.jpg');\"><\/div>\n<\/div>\n<div class=\"wc-gallery\"><div class='wcflexslider-container wc-gallery-bottomspace-default wc-gallery-clear'><div id='gallery-1' class='gallery wc-gallery-captions-hide gallery-link-none wcflexslider wcsliderauto' data-gutter-width='5' data-columns='3' data-hide-controls='false'><ul class='slides'>\n\t\t\t\t<li class='gallery-item gallery-item-position-1 gallery-item-attachment-1283 wcflex-slide-item'>\n\t\t\t\t\t<div class='gallery-icon landscape'>\n\t\t\t\t\t\t<img src='https:\/\/pcodynamic.com\/wp-content\/uploads\/2018\/11\/pco-baner-1-1024x474.jpg' width='1024' height='474' alt='' \/>\n\t\t\t\t\t<\/div><\/li>\n\t\t\t\t<li class='gallery-item gallery-item-position-2 gallery-item-attachment-1287 wcflex-slide-item'>\n\t\t\t\t\t<div class='gallery-icon landscape'>\n\t\t\t\t\t\t<img src='https:\/\/pcodynamic.com\/wp-content\/uploads\/2018\/11\/pco-baner-2-1024x474.jpg' width='1024' height='474' alt='' \/>\n\t\t\t\t\t<\/div><\/li>\n\t\t\t\t<li class='gallery-item gallery-item-position-3 gallery-item-attachment-1295 wcflex-slide-item'>\n\t\t\t\t\t<div class='gallery-icon landscape'>\n\t\t\t\t\t\t<img src='https:\/\/pcodynamic.com\/wp-content\/uploads\/2018\/11\/pco-baner-3-1-1024x474.jpg' width='1024' height='474' alt='' \/>\n\t\t\t\t\t<\/div><\/li><\/ul><\/div>\n<\/div>\n<\/div>\n<div class=\"clear\"><\/div>\n<\/div>\n","protected":false},"excerpt":{"rendered":"<p><strong> ORTEZA KOMPRESYJNA TU\u0141OWIA I BIODER Z TA\u015aMAMI ELASTYCZNYMI<br \/>\n<\/strong><\/p>\n<p><strong>Orteza kompresyjna tu\u0142owia PCO-T-14<\/strong> to kamizelka, kt\u00f3ra ma za zadanie zwi\u0119kszy\u0107 stabilizacj\u0119 i kontrol\u0119 postawy dzieci z zaburzeniami neurologicznymi. Wspomaga prac\u0119 g\u00f3rnych partii cia\u0142a i uzupe\u0142nia deficyty sensoryczne ma\u0142ego pacjenta.<\/p>\n<p>&nbsp;<\/p>\n","protected":false},"featured_media":2619,"comment_status":"open","ping_status":"closed","template":"","meta":[],"_links":{"self":[{"href":"https:\/\/pcodynamic.com\/ru\/wp-json\/wp\/v2\/product\/2591\/"}],"collection":[{"href":"https:\/\/pcodynamic.com\/ru\/wp-json\/wp\/v2\/product\/"}],"about":[{"href":"https:\/\/pcodynamic.com\/ru\/wp-json\/wp\/v2\/types\/product\/"}],"replies":[{"embeddable":true,"href":"https:\/\/pcodynamic.com\/ru\/wp-json\/wp\/v2\/comments\/?post=2591"}],"version-history":[{"count":30,"href":"https:\/\/pcodynamic.com\/ru\/wp-json\/wp\/v2\/product\/2591\/revisions\/"}],"predecessor-version":[{"id":3067,"href":"https:\/\/pcodynamic.com\/ru\/wp-json\/wp\/v2\/product\/2591\/revisions\/3067\/"}],"wp:featuredmedia":[{"embeddable":true,"href":"https:\/\/pcodynamic.com\/ru\/wp-json\/wp\/v2\/media\/2619\/"}],"wp:attachment":[{"href":"https:\/\/pcodynamic.com\/ru\/wp-json\/wp\/v2\/media\/?parent=2591"}],"curies":[{"name":"wp","href":"https:\/\/api.w.org\/{rel}","templated":true}]}}