{"id":589,"date":"2019-06-12T14:57:30","date_gmt":"2019-06-12T14:57:30","guid":{"rendered":"http:\/\/pcodynamic.com\/?page_id=589"},"modified":"2024-01-12T07:54:01","modified_gmt":"2024-01-12T07:54:01","slug":"kontakt","status":"publish","type":"page","link":"https:\/\/pcodynamic.com\/ru\/kontakt\/","title":{"rendered":"\u041a\u043e\u043d\u0442\u0430\u043a\u0442"},"content":{"rendered":"<p> REH4MAT Sp. z&nbsp;o.o.<\/p>\n<p>ul. Zenitowa 5a,<br \/>\n35-301 Rzesz\u00f3w<\/p>\n<p>Factory of Orthopaedic Devices:<br \/>\nul. Truskawkowa 17, Widna G\u00f3ra, 37-500 Jaros\u0142aw, POLAND<\/p>\n<p>Tel: +48 16 621 42 20<br \/>\nFax: +48 16 621 42 13<br \/>\nCell: +48 508 382 505<\/p>\n<p>e-mail: export@reh4mat.com<\/p>\n<p>www.reh4mat.com<\/p>\n<h3>\u041d\u0430\u043f\u0438\u0441\u0430\u0442\u044c \u043d\u0430\u043c<\/h3>\n<div role=\"form\" class=\"wpcf7\" id=\"wpcf7-f592-o1\" lang=\"pl-PL\" dir=\"ltr\">\n<div class=\"screen-reader-response\"><\/div>\n<form action=\"\/ru\/wp-json\/wp\/v2\/pages\/589#wpcf7-f592-o1\" method=\"post\" class=\"wpcf7-form\" novalidate=\"novalidate\">\n<div style=\"display: none;\">\n<input type=\"hidden\" name=\"_wpcf7\" value=\"592\" \/>\n<input type=\"hidden\" name=\"_wpcf7_version\" value=\"5.0.5\" \/>\n<input type=\"hidden\" name=\"_wpcf7_locale\" value=\"pl_PL\" \/>\n<input type=\"hidden\" name=\"_wpcf7_unit_tag\" value=\"wpcf7-f592-o1\" \/>\n<input type=\"hidden\" name=\"_wpcf7_container_post\" value=\"0\" \/>\n<\/div>\n<p><label> \u0424\u0418\u041e (\u043d\u0443\u0436\u043d\u043e \u0437\u0430\u043f\u043e\u043b\u043d\u0438\u0442\u044c)<br \/>\n    <span class=\"wpcf7-form-control-wrap your-name\"><input type=\"text\" name=\"your-name\" value=\"\" size=\"40\" class=\"wpcf7-form-control wpcf7-text wpcf7-validates-as-required\" aria-required=\"true\" aria-invalid=\"false\" \/><\/span> <\/label><\/p>\n<p><label> \u0412\u0430\u0448 Email (\u043d\u0443\u0436\u043d\u043e \u0437\u0430\u043f\u043e\u043b\u043d\u0438\u0442\u044c)<br \/>\n    <span class=\"wpcf7-form-control-wrap your-email\"><input type=\"email\" name=\"your-email\" value=\"\" size=\"40\" class=\"wpcf7-form-control wpcf7-text wpcf7-email wpcf7-validates-as-required wpcf7-validates-as-email\" aria-required=\"true\" aria-invalid=\"false\" \/><\/span> <\/label><\/p>\n<p><label> \u0422\u0435\u043c\u0430<br \/>\n    <span class=\"wpcf7-form-control-wrap your-subject\"><input type=\"text\" name=\"your-subject\" value=\"\" size=\"40\" class=\"wpcf7-form-control wpcf7-text\" aria-invalid=\"false\" \/><\/span> <\/label><\/p>\n<p><label> \u0421\u043e\u043e\u0431\u0449\u0435\u043d\u0438\u0435<br \/>\n    <span class=\"wpcf7-form-control-wrap your-message\"><textarea name=\"your-message\" cols=\"40\" rows=\"10\" class=\"wpcf7-form-control wpcf7-textarea\" aria-invalid=\"false\"><\/textarea><\/span> <\/label><\/p>\n<div class=\"wpcf7-form-control-wrap\"><div data-sitekey=\"6LdF27cUAAAAAOafVpQOSSWCZJlsLh5zQBhM2LAV\" class=\"wpcf7-form-control g-recaptcha wpcf7-recaptcha\"><\/div>\n<noscript>\n\t<div style=\"width: 302px; height: 422px;\">\n\t\t<div style=\"width: 302px; height: 422px; position: relative;\">\n\t\t\t<div style=\"width: 302px; height: 422px; position: absolute;\">\n\t\t\t\t<iframe src=\"https:\/\/www.google.com\/recaptcha\/api\/fallback?k=6LdF27cUAAAAAOafVpQOSSWCZJlsLh5zQBhM2LAV\" frameborder=\"0\" scrolling=\"no\" style=\"width: 302px; height:422px; border-style: none;\">\n\t\t\t\t<\/iframe>\n\t\t\t<\/div>\n\t\t\t<div style=\"width: 300px; height: 60px; border-style: none; bottom: 12px; left: 25px; margin: 0px; padding: 0px; right: 25px; background: #f9f9f9; border: 1px solid #c1c1c1; border-radius: 3px;\">\n\t\t\t\t<textarea id=\"g-recaptcha-response\" name=\"g-recaptcha-response\" class=\"g-recaptcha-response\" style=\"width: 250px; height: 40px; border: 1px solid #c1c1c1; margin: 10px 25px; padding: 0px; resize: none;\">\n\t\t\t\t<\/textarea>\n\t\t\t<\/div>\n\t\t<\/div>\n\t<\/div>\n<\/noscript>\n<\/div>\n<p><input type=\"submit\" value=\"\u041e\u0442\u043f\u0440\u0430\u0432\u0438\u0442\u044c\" class=\"wpcf7-form-control wpcf7-submit\" \/><\/p>\n<div class=\"wpcf7-response-output wpcf7-display-none\"><\/div><\/form><\/div>\n<p>&nbsp;<\/p>\n","protected":false},"excerpt":{"rendered":"<p>REH4MAT Sp. z&nbsp;o.o. ul. Zenitowa 5a, 35-301 Rzesz\u00f3w Factory of Orthopaedic Devices: ul. Truskawkowa 17, Widna G\u00f3ra, 37-500 Jaros\u0142aw, POLAND Tel: +48 16 621 42 20 Fax: +48 16 621 42 13 Cell: +48 508 382 505 e-mail: export@reh4mat.com www.reh4mat.com \u041d\u0430\u043f\u0438\u0441\u0430\u0442\u044c \u043d\u0430\u043c &nbsp;<\/p>\n","protected":false},"author":1,"featured_media":0,"parent":0,"menu_order":0,"comment_status":"closed","ping_status":"closed","template":"","meta":[],"_links":{"self":[{"href":"https:\/\/pcodynamic.com\/ru\/wp-json\/wp\/v2\/pages\/589\/"}],"collection":[{"href":"https:\/\/pcodynamic.com\/ru\/wp-json\/wp\/v2\/pages\/"}],"about":[{"href":"https:\/\/pcodynamic.com\/ru\/wp-json\/wp\/v2\/types\/page\/"}],"author":[{"embeddable":true,"href":"https:\/\/pcodynamic.com\/ru\/wp-json\/wp\/v2\/users\/1\/"}],"replies":[{"embeddable":true,"href":"https:\/\/pcodynamic.com\/ru\/wp-json\/wp\/v2\/comments\/?post=589"}],"version-history":[{"count":4,"href":"https:\/\/pcodynamic.com\/ru\/wp-json\/wp\/v2\/pages\/589\/revisions\/"}],"predecessor-version":[{"id":2692,"href":"https:\/\/pcodynamic.com\/ru\/wp-json\/wp\/v2\/pages\/589\/revisions\/2692\/"}],"wp:attachment":[{"href":"https:\/\/pcodynamic.com\/ru\/wp-json\/wp\/v2\/media\/?parent=589"}],"curies":[{"name":"wp","href":"https:\/\/api.w.org\/{rel}","templated":true}]}}